{"id":26,"date":"2023-03-03T16:08:36","date_gmt":"2023-03-03T16:08:36","guid":{"rendered":"https:\/\/psyc.bbk.ac.uk\/ccnl\/?page_id=26"},"modified":"2023-03-08T15:24:17","modified_gmt":"2023-03-08T15:24:17","slug":"people","status":"publish","type":"page","link":"https:\/\/psyc.bbk.ac.uk\/ccnl\/people\/","title":{"rendered":"People"},"content":{"rendered":"\n<h4 class=\"wp-block-heading\">Academic Staff<\/h4>\n\n\n\n<div class=\"wp-block-media-text alignwide is-stacked-on-mobile\" style=\"grid-template-columns:15% auto\"><figure class=\"wp-block-media-text__media\"><img loading=\"lazy\" decoding=\"async\" width=\"92\" height=\"100\" src=\"https:\/\/psyc.bbk.ac.uk\/ccnl\/wp-content\/uploads\/sites\/20\/2023\/03\/rick.jpg\" alt=\"\" class=\"wp-image-21 size-full\"\/><\/figure><div class=\"wp-block-media-text__content\">\n<p class=\"wp-block-paragraph\"><a href=\"http:\/\/www.bbk.ac.uk\/psychology\/our-staff\/academic\/richard-cooper\/\"><strong>Professor Richard Cooper<\/strong><\/a><\/p>\n\n\n\n<p class=\"wp-block-paragraph\">Academic Staff<\/p>\n<\/div><\/div>\n\n\n\n<div class=\"wp-block-media-text alignwide is-stacked-on-mobile\" style=\"grid-template-columns:15% auto\"><figure class=\"wp-block-media-text__media\"><img loading=\"lazy\" decoding=\"async\" width=\"92\" height=\"100\" src=\"https:\/\/psyc.bbk.ac.uk\/ccnl\/wp-content\/uploads\/sites\/20\/2023\/03\/denis.jpg\" alt=\"\" class=\"wp-image-18 size-full\"\/><\/figure><div class=\"wp-block-media-text__content\">\n<p class=\"wp-block-paragraph\"><a href=\"http:\/\/www.bbk.ac.uk\/psychology\/our-staff\/denis-mareschal\"><strong>Professor Denis Mareschal<\/strong><\/a><\/p>\n\n\n\n<p class=\"wp-block-paragraph\">Academic Staff<\/p>\n<\/div><\/div>\n\n\n\n<div class=\"wp-block-media-text alignwide is-stacked-on-mobile\" style=\"grid-template-columns:15% auto\"><figure class=\"wp-block-media-text__media\"><img loading=\"lazy\" decoding=\"async\" width=\"100\" height=\"100\" src=\"https:\/\/psyc.bbk.ac.uk\/ccnl\/wp-content\/uploads\/sites\/20\/2023\/03\/Balzan-Ronald.jpg\" alt=\"\" class=\"wp-image-17 size-full\"\/><\/figure><div class=\"wp-block-media-text__content\">\n<p class=\"wp-block-paragraph\"><strong>Ron Balzan<\/strong><\/p>\n\n\n\n<p class=\"wp-block-paragraph\">PhD Student<\/p>\n<\/div><\/div>\n\n\n\n<div class=\"wp-block-media-text alignwide is-stacked-on-mobile\" style=\"grid-template-columns:15% auto\"><figure class=\"wp-block-media-text__media\"><img loading=\"lazy\" decoding=\"async\" width=\"100\" height=\"100\" src=\"https:\/\/psyc.bbk.ac.uk\/ccnl\/wp-content\/uploads\/sites\/20\/2023\/03\/Sam.jpg\" alt=\"\" class=\"wp-image-22 size-full\"\/><\/figure><div class=\"wp-block-media-text__content\">\n<p class=\"wp-block-paragraph\"><strong>Sam Blakeman<\/strong><\/p>\n\n\n\n<p class=\"wp-block-paragraph\">PhD Student<\/p>\n<\/div><\/div>\n\n\n\n<div class=\"wp-block-media-text alignwide is-stacked-on-mobile\" style=\"grid-template-columns:15% auto\"><figure class=\"wp-block-media-text__media\"><img loading=\"lazy\" decoding=\"async\" width=\"100\" height=\"100\" src=\"https:\/\/psyc.bbk.ac.uk\/ccnl\/wp-content\/uploads\/sites\/20\/2023\/03\/gost_0.png\" alt=\"\" class=\"wp-image-19 size-full\"\/><\/figure><div class=\"wp-block-media-text__content\">\n<p class=\"wp-block-paragraph\"><strong>Eugene Buyaken<\/strong><\/p>\n\n\n\n<p class=\"wp-block-paragraph\">PhD Student<\/p>\n<\/div><\/div>\n\n\n\n<div class=\"wp-block-media-text alignwide is-stacked-on-mobile\" style=\"grid-template-columns:15% auto\"><figure class=\"wp-block-media-text__media\"><img loading=\"lazy\" decoding=\"async\" width=\"100\" height=\"99\" src=\"https:\/\/psyc.bbk.ac.uk\/ccnl\/wp-content\/uploads\/sites\/20\/2023\/03\/acaso.jpg\" alt=\"\" class=\"wp-image-15 size-full\"\/><\/figure><div class=\"wp-block-media-text__content\">\n<p class=\"wp-block-paragraph\"><strong>Andrea Caso<\/strong><\/p>\n\n\n\n<p class=\"wp-block-paragraph\">PhD Student<\/p>\n<\/div><\/div>\n\n\n\n<div class=\"wp-block-media-text alignwide is-stacked-on-mobile\" style=\"grid-template-columns:15% auto\"><figure class=\"wp-block-media-text__media\"><img loading=\"lazy\" decoding=\"async\" width=\"100\" height=\"100\" src=\"https:\/\/psyc.bbk.ac.uk\/ccnl\/wp-content\/uploads\/sites\/20\/2023\/03\/Ajitesh.jpg\" alt=\"\" class=\"wp-image-16 size-full\"\/><\/figure><div class=\"wp-block-media-text__content\">\n<p class=\"wp-block-paragraph\"><strong>Ajitesh Ghose<\/strong><\/p>\n\n\n\n<p class=\"wp-block-paragraph\">PhD Student<\/p>\n<\/div><\/div>\n\n\n\n<div class=\"wp-block-media-text alignwide is-stacked-on-mobile\" style=\"grid-template-columns:15% auto\"><figure class=\"wp-block-media-text__media\"><img loading=\"lazy\" decoding=\"async\" width=\"100\" height=\"100\" src=\"https:\/\/psyc.bbk.ac.uk\/ccnl\/wp-content\/uploads\/sites\/20\/2023\/03\/liusha.jpg\" alt=\"\" class=\"wp-image-20 size-full\"\/><\/figure><div class=\"wp-block-media-text__content\">\n<p class=\"wp-block-paragraph\"><strong>Liusha He<\/strong><\/p>\n\n\n\n<p class=\"wp-block-paragraph\">PhD Student<\/p>\n<\/div><\/div>\n\n\n\n<div class=\"wp-block-media-text alignwide is-stacked-on-mobile\" style=\"grid-template-columns:15% auto\"><figure class=\"wp-block-media-text__media\"><img loading=\"lazy\" decoding=\"async\" width=\"100\" height=\"100\" src=\"https:\/\/psyc.bbk.ac.uk\/ccnl\/wp-content\/uploads\/sites\/20\/2023\/03\/sussane.png\" alt=\"\" class=\"wp-image-23 size-full\"\/><\/figure><div class=\"wp-block-media-text__content\">\n<p class=\"wp-block-paragraph\"><strong>Suzanne Pahlman<\/strong><\/p>\n\n\n\n<p class=\"wp-block-paragraph\">PhD Student<\/p>\n<\/div><\/div>\n\n\n\n<h4 class=\"wp-block-heading\">Departmental Collaborators<\/h4>\n\n\n\n<ul class=\"wp-block-list\">\n<li><a href=\"http:\/\/www.bbk.ac.uk\/psychology\/our-staff\/eddy-davelaar\">Dr. Eddy J. Davelaar<\/a><\/li>\n\n\n\n<li><a href=\"http:\/\/www.bbk.ac.uk\/psychology\/our-staff\/michael-thomas\">Professor&nbsp;Michael S. C. Thomas<\/a><\/li>\n<\/ul>\n\n\n\n<h4 class=\"wp-block-heading\">Visitors<\/h4>\n\n\n\n<ul class=\"wp-block-list\">\n<li>Emiel Cracco (04\/09\/17 &#8211; 30\/11\/17), Gent University, Belgium.<\/li>\n\n\n\n<li>Wen Yuan (15\/10\/16 &#8211; 15\/10\/17), Beihang University, China.<\/li>\n<\/ul>\n\n\n\n<h4 class=\"wp-block-heading\">Alumni<\/h4>\n\n\n\n<ul class=\"wp-block-list\">\n<li>Nick Sexton (2013-2017): Human task switching and the role of inhibitory processes: A computational modelling and empirical approach (ESRC funded Ph.D. with Richard Cooper and Eddy Davelaar)<\/li>\n\n\n\n<li>Constantinos Mitsopoulos (2012-2016): Reinforcement learning approaches to the analysis of the emergence of goal-directed behaviour (EC Funded Ph.D. with Richard Cooper and Denis Mareschal)<\/li>\n\n\n\n<li>Dr. Caspar Addyman (2011-2015): (1) Dynamic systems models of the development of spatial working memory, and (2) Modelling temporal judgments across early development (PostDoc with Denis Mareschal and Robert French (Dijon)); Now at&nbsp;<a href=\"https:\/\/www.gold.ac.uk\/psychology\/staff\/addyman-caspar\/\">Goldsmiths, University of London<\/a>.<\/li>\n\n\n\n<li>Mariam Sood (2011-2012): Modelling the supervisory system and frontal dysfunction: An architecturally grounded model of the Wisconsin Card Sorting task&nbsp;(M.Sc. with Richard Cooper)<\/li>\n\n\n\n<li>Hala Alireza (2010-2011): Simulating frontal brain damage in a computational model of the Wisconsin Card Sorting Task (M.Sc. with Richard Cooper)<\/li>\n\n\n\n<li>Olivia Guest (2010-2014): Modelling semantic impairments following neural damage (Ph.D. with Richard Cooper and Eddy Davelaar)<\/li>\n\n\n\n<li>Nadja Althaus (2006-2010): The impact of labels on infant category learning (Marie Curie funded Ph.D. with Denis Mareschal)<\/li>\n\n\n\n<li>Harry Purser (2006-2009): Using synthetic imaging to explore neural network representations (PostDoc with Denis Mareschal and Michael Thomas)<\/li>\n\n\n\n<li>Caspar Addyman (2005-2009): Rules and similarity in the development of categories in children and infants (EC funded Ph.D. with Denis Mareschal)<\/li>\n\n\n\n<li>Frank Baughman (2004-2005):The role of inhibition in young children&#8217;s performance on the Tower of London: A computational study (M.Sc. with Richard Cooper)<\/li>\n\n\n\n<li>Nicolas Ruh (2003-2007): Acquisition and control of routine sequential activities: Modelling and empirical studies (Ph.D. with Richard Cooper and Denis Mareschal)<\/li>\n\n\n\n<li>Robert Leech (2000-2004): A connectionist account of the development of analogical reasoning (ESRC funded Ph.D. with Denis Mareschal and Richard Cooper)<\/li>\n\n\n\n<li>Sylvian Sirois (2000-2002): A Neurocomputational model of infant habitutation (PostDoc with Denis Mareschal); Now at <a href=\"https:\/\/www.uqtr.ca\/~siroiss\/index_e.htm\">Universit\u00e9 du Qu\u00e9bec \u00e0 Trois-Rivi\u00e8res<\/a>.<\/li>\n\n\n\n<li>Gert Westermann (2001-2003): Dual memory models of early categorisation (PostDoc with Denis Mareschal); Now at <a href=\"http:\/\/www.lancaster.ac.uk\/psychology\/people\/gert-westermann\">University of Lancaster<\/a>.<\/li>\n\n\n\n<li>Pete Yule (1996-2002): Development of the COGENT graphical cognitive modelling environment (PostDoc with Richard Cooper)<\/li>\n<\/ul>\n","protected":false},"excerpt":{"rendered":"<p>Academic Staff Professor Richard Cooper Academic Staff Professor Denis Mareschal Academic Staff Ron Balzan PhD Student Sam Blakeman PhD Student Eugene Buyaken PhD Student Andrea Caso PhD Student Ajitesh Ghose PhD Student Liusha He PhD Student Suzanne Pahlman PhD Student Departmental Collaborators Visitors Alumni<\/p>\n","protected":false},"author":1,"featured_media":0,"parent":0,"menu_order":0,"comment_status":"closed","ping_status":"closed","template":"","meta":{"_crdt_document":"","_uag_custom_page_level_css":"","footnotes":""},"class_list":["post-26","page","type-page","status-publish","hentry"],"uagb_featured_image_src":{"full":false,"thumbnail":false,"medium":false,"medium_large":false,"large":false,"1536x1536":false,"2048x2048":false},"uagb_author_info":{"display_name":"admin","author_link":"https:\/\/psyc.bbk.ac.uk\/ccnl\/author\/admin\/"},"uagb_comment_info":0,"uagb_excerpt":"Academic Staff Professor Richard Cooper Academic Staff Professor Denis Mareschal Academic Staff Ron Balzan PhD Student Sam Blakeman PhD Student Eugene Buyaken PhD Student Andrea Caso PhD Student Ajitesh Ghose PhD Student Liusha He PhD Student Suzanne Pahlman PhD Student Departmental Collaborators Visitors Alumni","_links":{"self":[{"href":"https:\/\/psyc.bbk.ac.uk\/ccnl\/wp-json\/wp\/v2\/pages\/26","targetHints":{"allow":["GET"]}}],"collection":[{"href":"https:\/\/psyc.bbk.ac.uk\/ccnl\/wp-json\/wp\/v2\/pages"}],"about":[{"href":"https:\/\/psyc.bbk.ac.uk\/ccnl\/wp-json\/wp\/v2\/types\/page"}],"author":[{"embeddable":true,"href":"https:\/\/psyc.bbk.ac.uk\/ccnl\/wp-json\/wp\/v2\/users\/1"}],"replies":[{"embeddable":true,"href":"https:\/\/psyc.bbk.ac.uk\/ccnl\/wp-json\/wp\/v2\/comments?post=26"}],"version-history":[{"count":4,"href":"https:\/\/psyc.bbk.ac.uk\/ccnl\/wp-json\/wp\/v2\/pages\/26\/revisions"}],"predecessor-version":[{"id":101,"href":"https:\/\/psyc.bbk.ac.uk\/ccnl\/wp-json\/wp\/v2\/pages\/26\/revisions\/101"}],"wp:attachment":[{"href":"https:\/\/psyc.bbk.ac.uk\/ccnl\/wp-json\/wp\/v2\/media?parent=26"}],"curies":[{"name":"wp","href":"https:\/\/api.w.org\/{rel}","templated":true}]}}